{"id":17,"date":"2017-10-25T21:50:05","date_gmt":"2017-10-25T21:50:05","guid":{"rendered":"http:\/\/viprenting.com\/?page_id=17"},"modified":"2019-07-20T00:38:41","modified_gmt":"2019-07-19T23:38:41","slug":"about","status":"publish","type":"page","link":"https:\/\/viprenting.com\/es\/about","title":{"rendered":"Acerca de"},"content":{"rendered":"<p>Las casas rurales que aparecen en esta web pertenecen todas a la misma familia. Viprenting es nuestra web propia, de manera que cuando usted entra en nuestra web y utiliza cualquiera de nuestros formularios de contacto, est\u00e1 contactando directamente con el propietario de la casa, sin ning\u00fan tipo de intermediarios.<\/p>\n<p>Nuestra familia lleva muchos a\u00f1os gestionando casas rurales, por lo que podemos garantizarle un servicio excelente y\u00a0 que en nuestras casas no falta ning\u00fan detalle. Trabajamos para mejorar sus vacaciones en La Palma.<\/p>\n\n\n<p><\/p>\n","protected":false},"excerpt":{"rendered":"<p>Las casas rurales que aparecen en esta web pertenecen todas a la misma familia. Viprenting es nuestra web propia, de manera que cuando usted entra en nuestra web y utiliza cualquiera de nuestros formularios de contacto, est\u00e1 contactando directamente con el propietario de la casa, sin ning\u00fan tipo de intermediarios. Nuestra familia lleva muchos a\u00f1os &hellip; <\/p>\n<p class=\"link-more\"><a href=\"https:\/\/viprenting.com\/es\/about\" class=\"more-link\">Continuar leyendo<span class=\"screen-reader-text\"> \u00abAcerca de\u00bb<\/span><\/a><\/p>\n","protected":false},"author":1,"featured_media":231,"parent":0,"menu_order":0,"comment_status":"closed","ping_status":"closed","template":"","meta":{"_monsterinsights_skip_tracking":false,"_monsterinsights_sitenote_active":false,"_monsterinsights_sitenote_note":"","_monsterinsights_sitenote_category":0,"footnotes":""},"class_list":["post-17","page","type-page","status-publish","has-post-thumbnail","hentry"],"translation":{"provider":"WPGlobus","version":"3.0.0","language":"es","enabled_languages":["en","es"],"languages":{"en":{"title":true,"content":true,"excerpt":false},"es":{"title":true,"content":true,"excerpt":false}}},"_links":{"self":[{"href":"https:\/\/viprenting.com\/es\/wp-json\/wp\/v2\/pages\/17","targetHints":{"allow":["GET"]}}],"collection":[{"href":"https:\/\/viprenting.com\/es\/wp-json\/wp\/v2\/pages"}],"about":[{"href":"https:\/\/viprenting.com\/es\/wp-json\/wp\/v2\/types\/page"}],"author":[{"embeddable":true,"href":"https:\/\/viprenting.com\/es\/wp-json\/wp\/v2\/users\/1"}],"replies":[{"embeddable":true,"href":"https:\/\/viprenting.com\/es\/wp-json\/wp\/v2\/comments?post=17"}],"version-history":[{"count":15,"href":"https:\/\/viprenting.com\/es\/wp-json\/wp\/v2\/pages\/17\/revisions"}],"predecessor-version":[{"id":1405,"href":"https:\/\/viprenting.com\/es\/wp-json\/wp\/v2\/pages\/17\/revisions\/1405"}],"wp:featuredmedia":[{"embeddable":true,"href":"https:\/\/viprenting.com\/es\/wp-json\/wp\/v2\/media\/231"}],"wp:attachment":[{"href":"https:\/\/viprenting.com\/es\/wp-json\/wp\/v2\/media?parent=17"}],"curies":[{"name":"wp","href":"https:\/\/api.w.org\/{rel}","templated":true}]}}